{"id":1068,"date":"2019-09-16T09:18:20","date_gmt":"2019-09-16T08:18:20","guid":{"rendered":"http:\/\/polishapi.org\/?page_id=1068"},"modified":"2023-08-17T14:33:13","modified_gmt":"2023-08-17T13:33:13","slug":"interfejsy-produkcyjne","status":"publish","type":"page","link":"https:\/\/polishapi.org\/en\/interfejsy-produkcyjne\/","title":{"rendered":"Production interfaces"},"content":{"rendered":"<p><a href=\"http:\/\/polishapi.org\/interfejsy-xs2a\/\">&lt;&lt;back<\/a><\/p>\n<h4>List of the links to the production environments, developer\u2019s portals or information pages with access to the production environment of ASPSPs (based on information provided by ASPSPs as of 18th of November 2019). NOTE, the list will be updated.<\/h4>\n<ol>\n<li>Bank BNP Paribas<br \/>\n<a href=\"https:\/\/gopsd2.bnpparibas.pl\/pl\/\">https:\/\/gopsd2.bnpparibas.pl\/pl\/<\/a><\/li>\n<li>Bank Millennium<br \/>\n<a href=\"https:\/\/tpp.api.bankmillennium.pl\">https:\/\/tpp.api.bankmillennium.pl<\/a><\/li>\n<li>Bank Pekao<br \/>\n<a href=\"https:\/\/developer.pekao.com.pl\/api\/\">https:\/\/developer.pekao.com.pl\/api\/<\/a><\/li>\n<li>BO\u015a Bank SA<br \/>\n<a href=\"https:\/\/retail.psd2.bosbank.pl\">https:\/\/retail.psd2.bosbank.pl<\/a> <a href=\"https:\/\/corpo.psd2.bosbank.pl\">https:\/\/corpo.psd2.bosbank.pl<\/a><\/li>\n<li>Idea Bank SA<br \/>\n<a href=\"https:\/\/apiportal.cloud.ideabank.pl\">https:\/\/apiportal.cloud.ideabank.pl<\/a><\/li>\n<li>ING Bank<br \/>\n<a href=\"https:\/\/api.ing.pl\">https:\/\/api.ing.pl<\/a><\/li>\n<li>mBank SA<br \/>\n<a href=\"https:\/\/developer.api.mbank.pl\/documentation\/api\">https:\/\/developer.api.mbank.pl\/documentation\/api<\/a><\/li>\n<li>Santander Bank Polska<br \/>\n<a href=\"https:\/\/api.santanderbankpolska.pl\">https:\/\/api.santanderbankpolska.pl<\/a><\/li>\n<li>Alior Bank<br \/>\n<a href=\"https:\/\/developer.aliorbank.pl\">https:\/\/developer.aliorbank.pl<\/a><\/li>\n<li>Societe Generale S.A. Oddzia\u0142 w Polsce<br \/>\n<a href=\"https:\/\/psd2-api.sgcib.pl\/\">https:\/\/psd2-api.sgcib.pl\/<\/a><\/li>\n<li>Bank Sp\u00f3\u0142dzielczy Muszyna-Krynica Zdr\u00f3j<br \/>\n<a href=\"https:\/\/www.bsmuszyna.com\/informacje-dla-tpp.html\">https:\/\/www.bsmuszyna.com\/informacje-dla-tpp.html<\/a><\/li>\n<li>Bank Sp\u00f3\u0142dzielczy w Szczucinie<br \/>\n<a href=\"http:\/\/bsszczucin.pl\/s9-psd2.html\">http:\/\/bsszczucin.pl\/s9-psd2.html<\/a><\/li>\n<li>Bank Sp\u00f3\u0142dzielczy w D\u0105browie Tarnowskiej<br \/>\n<a href=\"http:\/\/bsdabrowatarnowska.pl\/s28-psd2.html\">http:\/\/bsdabrowatarnowska.pl\/s28-psd2.html<\/a><\/li>\n<li>Kasa Stefczyka<br \/>\n<a href=\"https:\/\/api.kasastefczyka.pl\">https:\/\/api.kasastefczyka.pl <\/a><\/li>\n<\/ol>\n<p><a href=\"http:\/\/polishapi.org\/wp-content\/uploads\/2019\/11\/API-produkcja-18112019.xlsx\">Download list (xls)<\/a> &#8211; (18.11.2019)<\/p>","protected":false},"excerpt":{"rendered":"<p>&lt;&lt;back List of the links to the production environments, developer\u2019s portals or &hellip; <\/p>\n<p class=\"link-more\"><a href=\"https:\/\/polishapi.org\/en\/interfejsy-produkcyjne\/\" class=\"more-link\">Continue reading<span class=\"screen-reader-text\"> &#8220;Production interfaces&#8221;<\/span><\/a><\/p>\n","protected":false},"author":1,"featured_media":0,"parent":0,"menu_order":0,"comment_status":"closed","ping_status":"closed","template":"","meta":{"footnotes":""},"class_list":["post-1068","page","type-page","status-publish","hentry"],"yoast_head":"<!-- This site is optimized with the Yoast SEO plugin v27.0 - https:\/\/yoast.com\/product\/yoast-seo-wordpress\/ -->\n<title>Production interfaces - PolishAPI<\/title>\n<meta name=\"robots\" content=\"index, follow, max-snippet:-1, max-image-preview:large, max-video-preview:-1\" \/>\n<link rel=\"canonical\" href=\"https:\/\/polishapi.org\/interfejsy-produkcyjne\/\" \/>\n<meta name=\"twitter:card\" content=\"summary_large_image\" \/>\n<meta name=\"twitter:title\" content=\"Production interfaces - PolishAPI\" \/>\n<meta name=\"twitter:description\" content=\"&lt;&lt;back List of the links to the production environments, developer\u2019s portals or &hellip; Continue reading &quot;Production interfaces&quot;\" \/>\n<meta name=\"twitter:label1\" content=\"Est. reading time\" \/>\n\t<meta name=\"twitter:data1\" content=\"2 minutes\" \/>\n<script type=\"application\/ld+json\" class=\"yoast-schema-graph\">{\"@context\":\"https:\/\/schema.org\",\"@graph\":[{\"@type\":\"WebPage\",\"@id\":\"https:\/\/polishapi.org\/interfejsy-produkcyjne\/\",\"url\":\"https:\/\/polishapi.org\/interfejsy-produkcyjne\/\",\"name\":\"Production interfaces - PolishAPI\",\"isPartOf\":{\"@id\":\"https:\/\/polishapi.org\/#website\"},\"datePublished\":\"2019-09-16T08:18:20+00:00\",\"dateModified\":\"2023-08-17T13:33:13+00:00\",\"breadcrumb\":{\"@id\":\"https:\/\/polishapi.org\/interfejsy-produkcyjne\/#breadcrumb\"},\"inLanguage\":\"en-US\",\"potentialAction\":[{\"@type\":\"ReadAction\",\"target\":[\"https:\/\/polishapi.org\/interfejsy-produkcyjne\/\"]}]},{\"@type\":\"BreadcrumbList\",\"@id\":\"https:\/\/polishapi.org\/interfejsy-produkcyjne\/#breadcrumb\",\"itemListElement\":[{\"@type\":\"ListItem\",\"position\":1,\"name\":\"Strona g\u0142\u00f3wna\",\"item\":\"https:\/\/polishapi.org\/\"},{\"@type\":\"ListItem\",\"position\":2,\"name\":\"Interfejsy produkcyjne\"}]},{\"@type\":\"WebSite\",\"@id\":\"https:\/\/polishapi.org\/#website\",\"url\":\"https:\/\/polishapi.org\/\",\"name\":\"PolishAPI\",\"description\":\"Specification of an interface for the needs of services provided by third parties on the basis of access to payment accounts\",\"potentialAction\":[{\"@type\":\"SearchAction\",\"target\":{\"@type\":\"EntryPoint\",\"urlTemplate\":\"https:\/\/polishapi.org\/?s={search_term_string}\"},\"query-input\":{\"@type\":\"PropertyValueSpecification\",\"valueRequired\":true,\"valueName\":\"search_term_string\"}}],\"inLanguage\":\"en-US\"}]}<\/script>\n<!-- \/ Yoast SEO plugin. -->","yoast_head_json":{"title":"Production interfaces - PolishAPI","robots":{"index":"index","follow":"follow","max-snippet":"max-snippet:-1","max-image-preview":"max-image-preview:large","max-video-preview":"max-video-preview:-1"},"canonical":"https:\/\/polishapi.org\/interfejsy-produkcyjne\/","twitter_card":"summary_large_image","twitter_title":"Production interfaces - PolishAPI","twitter_description":"&lt;&lt;back List of the links to the production environments, developer\u2019s portals or &hellip; Continue reading \"Production interfaces\"","twitter_misc":{"Est. reading time":"2 minutes"},"schema":{"@context":"https:\/\/schema.org","@graph":[{"@type":"WebPage","@id":"https:\/\/polishapi.org\/interfejsy-produkcyjne\/","url":"https:\/\/polishapi.org\/interfejsy-produkcyjne\/","name":"Production interfaces - PolishAPI","isPartOf":{"@id":"https:\/\/polishapi.org\/#website"},"datePublished":"2019-09-16T08:18:20+00:00","dateModified":"2023-08-17T13:33:13+00:00","breadcrumb":{"@id":"https:\/\/polishapi.org\/interfejsy-produkcyjne\/#breadcrumb"},"inLanguage":"en-US","potentialAction":[{"@type":"ReadAction","target":["https:\/\/polishapi.org\/interfejsy-produkcyjne\/"]}]},{"@type":"BreadcrumbList","@id":"https:\/\/polishapi.org\/interfejsy-produkcyjne\/#breadcrumb","itemListElement":[{"@type":"ListItem","position":1,"name":"Strona g\u0142\u00f3wna","item":"https:\/\/polishapi.org\/"},{"@type":"ListItem","position":2,"name":"Interfejsy produkcyjne"}]},{"@type":"WebSite","@id":"https:\/\/polishapi.org\/#website","url":"https:\/\/polishapi.org\/","name":"PolishAPI","description":"Specification of an interface for the needs of services provided by third parties on the basis of access to payment accounts","potentialAction":[{"@type":"SearchAction","target":{"@type":"EntryPoint","urlTemplate":"https:\/\/polishapi.org\/?s={search_term_string}"},"query-input":{"@type":"PropertyValueSpecification","valueRequired":true,"valueName":"search_term_string"}}],"inLanguage":"en-US"}]}},"_links":{"self":[{"href":"https:\/\/polishapi.org\/en\/wp-json\/wp\/v2\/pages\/1068","targetHints":{"allow":["GET"]}}],"collection":[{"href":"https:\/\/polishapi.org\/en\/wp-json\/wp\/v2\/pages"}],"about":[{"href":"https:\/\/polishapi.org\/en\/wp-json\/wp\/v2\/types\/page"}],"author":[{"embeddable":true,"href":"https:\/\/polishapi.org\/en\/wp-json\/wp\/v2\/users\/1"}],"replies":[{"embeddable":true,"href":"https:\/\/polishapi.org\/en\/wp-json\/wp\/v2\/comments?post=1068"}],"version-history":[{"count":23,"href":"https:\/\/polishapi.org\/en\/wp-json\/wp\/v2\/pages\/1068\/revisions"}],"predecessor-version":[{"id":1194,"href":"https:\/\/polishapi.org\/en\/wp-json\/wp\/v2\/pages\/1068\/revisions\/1194"}],"wp:attachment":[{"href":"https:\/\/polishapi.org\/en\/wp-json\/wp\/v2\/media?parent=1068"}],"curies":[{"name":"wp","href":"https:\/\/api.w.org\/{rel}","templated":true}]}}