{"id":567,"date":"2018-10-22T11:56:52","date_gmt":"2018-10-22T10:56:52","guid":{"rendered":"http:\/\/polishapi.org\/?page_id=567"},"modified":"2019-03-11T15:32:04","modified_gmt":"2019-03-11T14:32:04","slug":"open-banking-day-2","status":"publish","type":"page","link":"https:\/\/polishapi.org\/en\/open-banking-day-2\/","title":{"rendered":""},"content":{"rendered":"<p><img loading=\"lazy\" decoding=\"async\" class=\"alignnone wp-image-599 \" style=\"font-size: 1rem;\" src=\"http:\/\/polishapi.org\/wp-content\/uploads\/2018\/10\/OBD.png\" alt=\"\" width=\"200\" height=\"76\" \/><\/p>\n<p><strong>7th of March, 2019,\u00a0<\/strong>Bankers\u2019 Club, Warsaw, 6 Smolna Str., Poland<\/p>\n<p>Organizer: Polish Bank Association<br \/>\nGeneral Partner: KPMG Poland<br \/>\nPartners: British Embassy in Warsaw, Mastercard, Tink, Trustly<\/p>\n<p><strong>Download presentations and related materials:\u00a0<\/strong><\/p>\n<div><a href=\"https:\/\/docs.polishapi.org\/other\/OpenBankingDay2\/Czech-Open-Banking-Standard.pdf\">Czech Open Banking Standard<\/a>\u00a0(PDF file)<\/div>\n<div><a href=\"https:\/\/docs.polishapi.org\/other\/OpenBankingDay2\/PSD2_Challenges_and_Opportunities_Romania.pdf\">PSD2 and Open Banking Challenges and Opportunities in Romania<\/a>\u00a0(PDF file)<\/div>\n<div><a href=\"https:\/\/docs.polishapi.org\/other\/OpenBankingDay2\/Open_Banking_Day_in_Poland_Presentation_Matchi_05032019.pdf\">Presentation on Matchi.biz<\/a>\u00a0(PDF file)<\/div>\n<div><a href=\"https:\/\/docs.polishapi.org\/other\/OpenBankingDay2\/Open_Banking_Day_KOBIL.pdf\">Presentation of KOBIL System<\/a>\u00a0(PDF file)<\/div>\n<div><a href=\"https:\/\/docs.polishapi.org\/other\/OpenBankingDay2\/TPP-or-not-Mastercard.pdf\">Presentation of Mastercard<\/a>\u00a0(PDF file)<\/div>\n<p><a href=\"https:\/\/docs.polishapi.org\/other\/OpenBankingDay2\/Tink_Openbanking_presentation_20190305.pdf\">Presentation of Tink<\/a>\u00a0(PDF file)<\/p>\n<p><a href=\"https:\/\/assets.kpmg\/content\/dam\/kpmg\/pl\/pdf\/2019\/03\/pl-raport-kpmg0-zbp-psd2-i-open-banking-rewolucja-czy-ewolucja.pdf\">Report &#8220;PSD2 and Open banking. Revolution or evolution?&#8221;<\/a> (PDF file, Polish language)<br \/>\n<a href=\"https:\/\/docs.polishapi.org\/other\/PSD2-and-Open-banking-report-summary-KPMG-PBA.pdf\">Download summary of the report &#8220;PSD2 and Open Banking. Revolution or evolution?&#8221;<\/a> (PDF file, English language)<\/p>\n<p><strong>Open banking. Global idea. <\/strong><strong>Local challenges<\/strong><\/p>\n<p>We would like to start the open banking discussion within the CEE region. Our idea is to get together banks and payment institutions from the CEE region to work on some more effective and innovative solutions in the area of open banking. We are convinced, that our region has a lot to offer to the open banking world.<\/p>\n<p>The starting point of the Open Banking Day will be a presentation of the report <a href=\"https:\/\/assets.kpmg\/content\/dam\/kpmg\/pl\/pdf\/2019\/03\/pl-raport-kpmg0-zbp-psd2-i-open-banking-rewolucja-czy-ewolucja.pdf\"><em>PSD2 and Open Banking. Revolution or evolution?<\/em><\/a> The report is the result of research conducted by KPMG and the Polish Bank Association among Polish banks, fintech companies and customers about how they perceive the change in the banking environment. Is it an opportunity or a threat? What is and will be the impact of PSD2 implementation? How do customers see it? How TPPs will take advantage of this business opportunity?<\/p>\n<p>In the main part of the event, representatives of the Polish and CEE region banking sector, fintechs and IT vendors will share with the audience their experiences in the area of PSD2 implementation processes and open banking issues.<\/p>\n<p>In the final discussion panel, we will look for the answers for such questions: Is it any chance for global open banking ecosystem? What are the banks most anxious about in open banking scenario? TechFin (means GAFA) monopoly &#8211; not if but when? Privacy vs openness &#8211; is the balance right?<\/p>\n<p>Open Banking Day is connected also with a parallel event named <strong>Open Banking Challenge<\/strong>. The Polish Bank Association, together with <a href=\"http:\/\/polishapi.org\/kpmg\/\">KPMG Poland<\/a> and Matchi, is challenging global fintech community to present their solutions in the area of open banking and PSD2. The best solutions will be enlisted to demo their technology in one-on-one sessions to senior decision-makers from Polish banks and insurance companies in Warsaw on 7 March.<\/p>\n<p>KPMG Matchi is a leading global innovation and matchmaking platform that connects financial institutions and other large companies, with leading-edge, emerging technology solutions and innovators worldwide.<\/p>\n<p><strong>Agenda<\/strong><\/p>\n<p>12:30 \u2013 13:30 \u2013 Registration &amp; Lunch<br \/>\n13:30 \u2013 14:10 \u2013 Introduction &amp; presentation of the report <strong><em>PSD2 and Open Banking. Revolution or evolution<\/em>?<\/strong>, Marcin Jankowski, <strong>KPMG<\/strong>, Maciej Kostro, <strong>Polish Bank Association<\/strong><br \/>\n14:10 \u2013 14:20 \u2013 Matchi.biz, Sashreka Pillay, <strong>KPMG<\/strong><br \/>\n14:20 \u2013 14:40 \u2013 Czech Open Banking Standard,\u00a0Helena Rokl \u0160r\u00e1mkov\u00e1, <strong>Czech Banking Association<\/strong><br \/>\n14:40 \u2013 15:00 \u2013 PSD2 &#8211; Opportunities and challenges &#8211; the project status in Romania,\u00a0Luminita Soitu, <strong>Romanian Association of Banks<\/strong><br \/>\n15:00 \u2013 15:10 \u2013 Coffee break<br \/>\n15:10 \u2013 15:40 \u2013 Delivering a better, omnichannel customer experience using open banking: Meeting customers\u2019 expected needs, Koray Arikan, <strong>KOBIL System<\/strong><br \/>\n15:40 \u2013 16.10 \u2013 Open banking and the democratization of data: The new era of customer engagement, Rudolf Bergslycka, <strong>Tink<\/strong><br \/>\n16:10 \u2013 16:40 \u2013 To TPP or not to be &#8211; is it a question?, Dariusz Nehrebecki, <strong>Mastercard<\/strong><br \/>\n16:40 \u2013 17:20 \u2013 Discussion panel (1)\u00a0<strong>What future for banks?<br \/>\n<\/strong><em>Is it any chance for global open banking ecosystem?<br \/>\n<\/em><em>What are the banks most anxious about in open banking scenario?<\/em><\/p>\n<p>Moderator: Marcin Jankowski, <strong>KPMG<\/strong><br \/>\nParticipants:<br \/>\nRobert Tr\u0119towski, Vice President of the Management Board,\u00a0<strong>Krajowa Izba Rozliczeniowa (KIR)<\/strong><br \/>\nMaciej Kostro, <strong>Polish Bank Association<\/strong><br \/>\nJonas Palmquist, CFO, <strong>Trustly<\/strong><br \/>\nGrzegorz Pawlicki, Head of Innovation, <strong>PKO Bank Polski<\/strong><br \/>\nHelena Rokl \u0160r\u00e1mkov\u00e1, <strong>Czech Banking Association<br \/>\n<\/strong>Luminita Soitu, <strong>Romanian Association of Banks<\/strong><\/p>\n<p>17:20 \u2013 18:00 \u2013 Discussion panel (2)\u00a0\u00a0<strong>Future of banking ecosystem \u2013 fintechs\u2019 perspective.<br \/>\n<\/strong><em>Cooperation or competition, how fintechs see each other and the banks?<br \/>\n<\/em><em>GAFA enters the scene \u2013 the question is not if but when? What to do to survive?<\/em><\/p>\n<p>Moderator: Marcin Jankowski, <strong>KPMG<\/strong><br \/>\nParticipants: <em><br \/>\n<\/em>Rudolf Bergslycka, Senior Business Manager, <strong>Tink\u00a0<\/strong><br \/>\nKrzysztof Grzeszczuk, Business owner of PSD2\/Open Banking platform, <strong>Alior Bank<\/strong><br \/>\nTomasz Owczarek, <strong>Mastercard<\/strong><br \/>\nAdrian Witkowski, Compliance Manager CEE,\u00a0<strong>PayU<br \/>\n<\/strong>Stefano Paoletti,<strong> Token<br \/>\n<\/strong>Brendan Jones, Chief Commercial Officer,<strong> Konsentus<\/strong><\/p>\n<p>18:00 \u2013 21:00 \u2013 Networking<br \/>\n***<br \/>\n15:00 \u2013 20:00 \u2013 One-to-one business sessions with participants of the <strong>Open Banking Challenge<\/strong> by Matchi.biz<\/p>\n<p><img loading=\"lazy\" decoding=\"async\" class=\"alignnone wp-image-791 size-full\" src=\"http:\/\/polishapi.org\/wp-content\/uploads\/2019\/03\/open-banking-day-logos-1.png\" alt=\"\" width=\"836\" height=\"365\" srcset=\"https:\/\/polishapi.org\/wp-content\/uploads\/2019\/03\/open-banking-day-logos-1.png 836w, https:\/\/polishapi.org\/wp-content\/uploads\/2019\/03\/open-banking-day-logos-1-300x131.png 300w, https:\/\/polishapi.org\/wp-content\/uploads\/2019\/03\/open-banking-day-logos-1-768x335.png 768w\" sizes=\"auto, (max-width: 767px) 89vw, (max-width: 1000px) 54vw, (max-width: 1071px) 543px, 580px\" \/><\/p>\n","protected":false},"excerpt":{"rendered":"<p>7th of March, 2019,\u00a0Bankers\u2019 Club, Warsaw, 6 Smolna Str., Poland Organizer: Polish &hellip; <\/p>\n<p class=\"link-more\"><a href=\"https:\/\/polishapi.org\/en\/open-banking-day-2\/\" class=\"more-link\">Continue reading<span class=\"screen-reader-text\"> &#8220;&#8221;<\/span><\/a><\/p>\n","protected":false},"author":1,"featured_media":0,"parent":0,"menu_order":0,"comment_status":"closed","ping_status":"closed","template":"","meta":{"footnotes":""},"class_list":["post-567","page","type-page","status-publish","hentry"],"yoast_head":"<!-- This site is optimized with the Yoast SEO plugin v27.0 - https:\/\/yoast.com\/product\/yoast-seo-wordpress\/ -->\n<title>- PolishAPI<\/title>\n<meta name=\"robots\" content=\"index, follow, max-snippet:-1, max-image-preview:large, max-video-preview:-1\" \/>\n<link rel=\"canonical\" href=\"https:\/\/polishapi.org\/open-banking-day-2\/\" \/>\n<meta name=\"twitter:card\" content=\"summary_large_image\" \/>\n<meta name=\"twitter:title\" content=\"- PolishAPI\" \/>\n<meta name=\"twitter:description\" content=\"7th of March, 2019,\u00a0Bankers\u2019 Club, Warsaw, 6 Smolna Str., Poland Organizer: Polish &hellip; Continue reading &quot;&quot;\" \/>\n<meta name=\"twitter:image\" content=\"http:\/\/polishapi.org\/wp-content\/uploads\/2018\/10\/OBD.png\" \/>\n<meta name=\"twitter:label1\" content=\"Est. reading time\" \/>\n\t<meta name=\"twitter:data1\" content=\"3 minutes\" \/>\n<script type=\"application\/ld+json\" class=\"yoast-schema-graph\">{\"@context\":\"https:\/\/schema.org\",\"@graph\":[{\"@type\":\"WebPage\",\"@id\":\"https:\/\/polishapi.org\/open-banking-day-2\/\",\"url\":\"https:\/\/polishapi.org\/open-banking-day-2\/\",\"name\":\"- PolishAPI\",\"isPartOf\":{\"@id\":\"https:\/\/polishapi.org\/#website\"},\"primaryImageOfPage\":{\"@id\":\"https:\/\/polishapi.org\/open-banking-day-2\/#primaryimage\"},\"image\":{\"@id\":\"https:\/\/polishapi.org\/open-banking-day-2\/#primaryimage\"},\"thumbnailUrl\":\"http:\/\/polishapi.org\/wp-content\/uploads\/2018\/10\/OBD.png\",\"datePublished\":\"2018-10-22T10:56:52+00:00\",\"dateModified\":\"2019-03-11T14:32:04+00:00\",\"inLanguage\":\"en-US\",\"potentialAction\":[{\"@type\":\"ReadAction\",\"target\":[\"https:\/\/polishapi.org\/open-banking-day-2\/\"]}]},{\"@type\":\"ImageObject\",\"inLanguage\":\"en-US\",\"@id\":\"https:\/\/polishapi.org\/open-banking-day-2\/#primaryimage\",\"url\":\"http:\/\/polishapi.org\/wp-content\/uploads\/2018\/10\/OBD.png\",\"contentUrl\":\"http:\/\/polishapi.org\/wp-content\/uploads\/2018\/10\/OBD.png\"},{\"@type\":\"WebSite\",\"@id\":\"https:\/\/polishapi.org\/#website\",\"url\":\"https:\/\/polishapi.org\/\",\"name\":\"PolishAPI\",\"description\":\"Specification of an interface for the needs of services provided by third parties on the basis of access to payment accounts\",\"potentialAction\":[{\"@type\":\"SearchAction\",\"target\":{\"@type\":\"EntryPoint\",\"urlTemplate\":\"https:\/\/polishapi.org\/?s={search_term_string}\"},\"query-input\":{\"@type\":\"PropertyValueSpecification\",\"valueRequired\":true,\"valueName\":\"search_term_string\"}}],\"inLanguage\":\"en-US\"}]}<\/script>\n<!-- \/ Yoast SEO plugin. -->","yoast_head_json":{"title":"- PolishAPI","robots":{"index":"index","follow":"follow","max-snippet":"max-snippet:-1","max-image-preview":"max-image-preview:large","max-video-preview":"max-video-preview:-1"},"canonical":"https:\/\/polishapi.org\/open-banking-day-2\/","twitter_card":"summary_large_image","twitter_title":"- PolishAPI","twitter_description":"7th of March, 2019,\u00a0Bankers\u2019 Club, Warsaw, 6 Smolna Str., Poland Organizer: Polish &hellip; Continue reading \"\"","twitter_image":"http:\/\/polishapi.org\/wp-content\/uploads\/2018\/10\/OBD.png","twitter_misc":{"Est. reading time":"3 minutes"},"schema":{"@context":"https:\/\/schema.org","@graph":[{"@type":"WebPage","@id":"https:\/\/polishapi.org\/open-banking-day-2\/","url":"https:\/\/polishapi.org\/open-banking-day-2\/","name":"- PolishAPI","isPartOf":{"@id":"https:\/\/polishapi.org\/#website"},"primaryImageOfPage":{"@id":"https:\/\/polishapi.org\/open-banking-day-2\/#primaryimage"},"image":{"@id":"https:\/\/polishapi.org\/open-banking-day-2\/#primaryimage"},"thumbnailUrl":"http:\/\/polishapi.org\/wp-content\/uploads\/2018\/10\/OBD.png","datePublished":"2018-10-22T10:56:52+00:00","dateModified":"2019-03-11T14:32:04+00:00","inLanguage":"en-US","potentialAction":[{"@type":"ReadAction","target":["https:\/\/polishapi.org\/open-banking-day-2\/"]}]},{"@type":"ImageObject","inLanguage":"en-US","@id":"https:\/\/polishapi.org\/open-banking-day-2\/#primaryimage","url":"http:\/\/polishapi.org\/wp-content\/uploads\/2018\/10\/OBD.png","contentUrl":"http:\/\/polishapi.org\/wp-content\/uploads\/2018\/10\/OBD.png"},{"@type":"WebSite","@id":"https:\/\/polishapi.org\/#website","url":"https:\/\/polishapi.org\/","name":"PolishAPI","description":"Specification of an interface for the needs of services provided by third parties on the basis of access to payment accounts","potentialAction":[{"@type":"SearchAction","target":{"@type":"EntryPoint","urlTemplate":"https:\/\/polishapi.org\/?s={search_term_string}"},"query-input":{"@type":"PropertyValueSpecification","valueRequired":true,"valueName":"search_term_string"}}],"inLanguage":"en-US"}]}},"_links":{"self":[{"href":"https:\/\/polishapi.org\/en\/wp-json\/wp\/v2\/pages\/567","targetHints":{"allow":["GET"]}}],"collection":[{"href":"https:\/\/polishapi.org\/en\/wp-json\/wp\/v2\/pages"}],"about":[{"href":"https:\/\/polishapi.org\/en\/wp-json\/wp\/v2\/types\/page"}],"author":[{"embeddable":true,"href":"https:\/\/polishapi.org\/en\/wp-json\/wp\/v2\/users\/1"}],"replies":[{"embeddable":true,"href":"https:\/\/polishapi.org\/en\/wp-json\/wp\/v2\/comments?post=567"}],"version-history":[{"count":47,"href":"https:\/\/polishapi.org\/en\/wp-json\/wp\/v2\/pages\/567\/revisions"}],"predecessor-version":[{"id":811,"href":"https:\/\/polishapi.org\/en\/wp-json\/wp\/v2\/pages\/567\/revisions\/811"}],"wp:attachment":[{"href":"https:\/\/polishapi.org\/en\/wp-json\/wp\/v2\/media?parent=567"}],"curies":[{"name":"wp","href":"https:\/\/api.w.org\/{rel}","templated":true}]}}