{"id":861,"date":"2019-03-15T19:37:22","date_gmt":"2019-03-15T18:37:22","guid":{"rendered":"http:\/\/polishapi.org\/?page_id=861"},"modified":"2019-06-13T12:32:39","modified_gmt":"2019-06-13T11:32:39","slug":"other","status":"publish","type":"page","link":"https:\/\/polishapi.org\/en\/other\/","title":{"rendered":"Other"},"content":{"rendered":"<p><a href=\"http:\/\/polishapi.org\/sandboxy\/\">&lt;&lt; back<\/a><\/p>\n<ol>\n<li>Kasa Stefczyka<br \/>\n<a href=\"https:\/\/www.kasastefczyka.pl\/pliki-do-pobrania?utm_source=site&amp;utm_medium=sitelink&amp;utm_campaign=mainsite&amp;utm_term=czarny&amp;utm_content=pliki_do_pobrania\">https:\/\/www.kasastefczyka.pl\/pliki-do-pobrania?utm_source=site&amp;utm_medium=sitelink&amp;utm_campaign=mainsite&amp;utm_term=czarny&amp;utm_content=pliki_do_pobrania<\/a><\/li>\n<li>SKOK Ziemi Rybnickiej<br \/>\n<a href=\"http:\/\/www.skokziemryb.com.pl\/index.php\/pliki-do-pobrania\">http:\/\/www.skokziemryb.com.pl\/index.php\/pliki-do-pobrania<\/a><\/li>\n<li>SKOK &#8220;\u015al\u0105sk&#8221;<br \/>\n<a href=\"https:\/\/skok.slask.pl\/pliki-do-pobrania\/\">https:\/\/skok.slask.pl\/pliki-do-pobrania\/<\/a><\/li>\n<li>SKOK im. Z. Chmielewskiego<br \/>\n<a href=\"https:\/\/www.skokchmielewskiego.pl\/pliki-do-pobrania\">https:\/\/www.skokchmielewskiego.pl\/pliki-do-pobrania<\/a><\/li>\n<li>SKOK im. Powsta\u0144c\u00f3w \u015al\u0105skich<br \/>\n<a href=\"http:\/\/skok-zdzieszowice.pl\/page7.php\">http:\/\/skok-zdzieszowice.pl\/page7.php<\/a><\/li>\n<li>SKOK Kwiatkowskiego<br \/>\n<a href=\"http:\/\/www.skokkwiatkowskiego.pl\/dopobrania.php\">http:\/\/www.skokkwiatkowskiego.pl\/dopobrania.php <\/a><\/li>\n<li>SKOK Wis\u0142a<br \/>\n<a href=\"https:\/\/www.skokwisla.pl\/2-uncategorised\/86-psd2-polish-api\">https:\/\/www.skokwisla.pl\/2-uncategorised\/86-psd2-polish-api<\/a><\/li>\n<\/ol>\n<p><\/p>","protected":false},"excerpt":{"rendered":"<p>&lt;&lt; back Kasa Stefczyka https:\/\/www.kasastefczyka.pl\/pliki-do-pobrania?utm_source=site&amp;utm_medium=sitelink&amp;utm_campaign=mainsite&amp;utm_term=czarny&amp;utm_content=pliki_do_pobrania SKOK Ziemi Rybnickiej http:\/\/www.skokziemryb.com.pl\/index.php\/pliki-do-pobrania SKOK &#8220;\u015al\u0105sk&#8221; https:\/\/skok.slask.pl\/pliki-do-pobrania\/ &hellip; <\/p>\n<p class=\"link-more\"><a href=\"https:\/\/polishapi.org\/en\/other\/\" class=\"more-link\">Continue reading<span class=\"screen-reader-text\"> &#8220;Other&#8221;<\/span><\/a><\/p>\n","protected":false},"author":1,"featured_media":0,"parent":0,"menu_order":0,"comment_status":"closed","ping_status":"closed","template":"","meta":{"footnotes":""},"class_list":["post-861","page","type-page","status-publish","hentry"],"yoast_head":"<!-- This site is optimized with the Yoast SEO plugin v27.0 - https:\/\/yoast.com\/product\/yoast-seo-wordpress\/ -->\n<title>Other - PolishAPI<\/title>\n<meta name=\"robots\" content=\"index, follow, max-snippet:-1, max-image-preview:large, max-video-preview:-1\" \/>\n<link rel=\"canonical\" href=\"https:\/\/polishapi.org\/other\/\" \/>\n<meta name=\"twitter:card\" content=\"summary_large_image\" \/>\n<meta name=\"twitter:title\" content=\"Other - PolishAPI\" \/>\n<meta name=\"twitter:description\" content=\"&lt;&lt; back Kasa Stefczyka https:\/\/www.kasastefczyka.pl\/pliki-do-pobrania?utm_source=site&amp;utm_medium=sitelink&amp;utm_campaign=mainsite&amp;utm_term=czarny&amp;utm_content=pliki_do_pobrania SKOK Ziemi Rybnickiej http:\/\/www.skokziemryb.com.pl\/index.php\/pliki-do-pobrania SKOK &#8220;\u015al\u0105sk&#8221; https:\/\/skok.slask.pl\/pliki-do-pobrania\/ &hellip; Continue reading &quot;Other&quot;\" \/>\n<meta name=\"twitter:label1\" content=\"Est. reading time\" \/>\n\t<meta name=\"twitter:data1\" content=\"1 minute\" \/>\n<script type=\"application\/ld+json\" class=\"yoast-schema-graph\">{\"@context\":\"https:\/\/schema.org\",\"@graph\":[{\"@type\":\"WebPage\",\"@id\":\"https:\/\/polishapi.org\/other\/\",\"url\":\"https:\/\/polishapi.org\/other\/\",\"name\":\"Other - PolishAPI\",\"isPartOf\":{\"@id\":\"https:\/\/polishapi.org\/#website\"},\"datePublished\":\"2019-03-15T18:37:22+00:00\",\"dateModified\":\"2019-06-13T11:32:39+00:00\",\"breadcrumb\":{\"@id\":\"https:\/\/polishapi.org\/other\/#breadcrumb\"},\"inLanguage\":\"en-US\",\"potentialAction\":[{\"@type\":\"ReadAction\",\"target\":[\"https:\/\/polishapi.org\/other\/\"]}]},{\"@type\":\"BreadcrumbList\",\"@id\":\"https:\/\/polishapi.org\/other\/#breadcrumb\",\"itemListElement\":[{\"@type\":\"ListItem\",\"position\":1,\"name\":\"Strona g\u0142\u00f3wna\",\"item\":\"https:\/\/polishapi.org\/\"},{\"@type\":\"ListItem\",\"position\":2,\"name\":\"Inne\"}]},{\"@type\":\"WebSite\",\"@id\":\"https:\/\/polishapi.org\/#website\",\"url\":\"https:\/\/polishapi.org\/\",\"name\":\"PolishAPI\",\"description\":\"Specification of an interface for the needs of services provided by third parties on the basis of access to payment accounts\",\"potentialAction\":[{\"@type\":\"SearchAction\",\"target\":{\"@type\":\"EntryPoint\",\"urlTemplate\":\"https:\/\/polishapi.org\/?s={search_term_string}\"},\"query-input\":{\"@type\":\"PropertyValueSpecification\",\"valueRequired\":true,\"valueName\":\"search_term_string\"}}],\"inLanguage\":\"en-US\"}]}<\/script>\n<!-- \/ Yoast SEO plugin. -->","yoast_head_json":{"title":"Other - PolishAPI","robots":{"index":"index","follow":"follow","max-snippet":"max-snippet:-1","max-image-preview":"max-image-preview:large","max-video-preview":"max-video-preview:-1"},"canonical":"https:\/\/polishapi.org\/other\/","twitter_card":"summary_large_image","twitter_title":"Other - PolishAPI","twitter_description":"&lt;&lt; back Kasa Stefczyka https:\/\/www.kasastefczyka.pl\/pliki-do-pobrania?utm_source=site&amp;utm_medium=sitelink&amp;utm_campaign=mainsite&amp;utm_term=czarny&amp;utm_content=pliki_do_pobrania SKOK Ziemi Rybnickiej http:\/\/www.skokziemryb.com.pl\/index.php\/pliki-do-pobrania SKOK &#8220;\u015al\u0105sk&#8221; https:\/\/skok.slask.pl\/pliki-do-pobrania\/ &hellip; Continue reading \"Other\"","twitter_misc":{"Est. reading time":"1 minute"},"schema":{"@context":"https:\/\/schema.org","@graph":[{"@type":"WebPage","@id":"https:\/\/polishapi.org\/other\/","url":"https:\/\/polishapi.org\/other\/","name":"Other - PolishAPI","isPartOf":{"@id":"https:\/\/polishapi.org\/#website"},"datePublished":"2019-03-15T18:37:22+00:00","dateModified":"2019-06-13T11:32:39+00:00","breadcrumb":{"@id":"https:\/\/polishapi.org\/other\/#breadcrumb"},"inLanguage":"en-US","potentialAction":[{"@type":"ReadAction","target":["https:\/\/polishapi.org\/other\/"]}]},{"@type":"BreadcrumbList","@id":"https:\/\/polishapi.org\/other\/#breadcrumb","itemListElement":[{"@type":"ListItem","position":1,"name":"Strona g\u0142\u00f3wna","item":"https:\/\/polishapi.org\/"},{"@type":"ListItem","position":2,"name":"Inne"}]},{"@type":"WebSite","@id":"https:\/\/polishapi.org\/#website","url":"https:\/\/polishapi.org\/","name":"PolishAPI","description":"Specification of an interface for the needs of services provided by third parties on the basis of access to payment accounts","potentialAction":[{"@type":"SearchAction","target":{"@type":"EntryPoint","urlTemplate":"https:\/\/polishapi.org\/?s={search_term_string}"},"query-input":{"@type":"PropertyValueSpecification","valueRequired":true,"valueName":"search_term_string"}}],"inLanguage":"en-US"}]}},"_links":{"self":[{"href":"https:\/\/polishapi.org\/en\/wp-json\/wp\/v2\/pages\/861","targetHints":{"allow":["GET"]}}],"collection":[{"href":"https:\/\/polishapi.org\/en\/wp-json\/wp\/v2\/pages"}],"about":[{"href":"https:\/\/polishapi.org\/en\/wp-json\/wp\/v2\/types\/page"}],"author":[{"embeddable":true,"href":"https:\/\/polishapi.org\/en\/wp-json\/wp\/v2\/users\/1"}],"replies":[{"embeddable":true,"href":"https:\/\/polishapi.org\/en\/wp-json\/wp\/v2\/comments?post=861"}],"version-history":[{"count":10,"href":"https:\/\/polishapi.org\/en\/wp-json\/wp\/v2\/pages\/861\/revisions"}],"predecessor-version":[{"id":940,"href":"https:\/\/polishapi.org\/en\/wp-json\/wp\/v2\/pages\/861\/revisions\/940"}],"wp:attachment":[{"href":"https:\/\/polishapi.org\/en\/wp-json\/wp\/v2\/media?parent=861"}],"curies":[{"name":"wp","href":"https:\/\/api.w.org\/{rel}","templated":true}]}}