{"id":866,"date":"2019-03-15T19:36:27","date_gmt":"2019-03-15T18:36:27","guid":{"rendered":"http:\/\/polishapi.org\/?page_id=866"},"modified":"2019-12-06T10:43:26","modified_gmt":"2019-12-06T09:43:26","slug":"cooperative-banks","status":"publish","type":"page","link":"https:\/\/polishapi.org\/en\/cooperative-banks\/","title":{"rendered":"Cooperative banks"},"content":{"rendered":"<p><a href=\"http:\/\/polishapi.org\/sandboxy\/\">&lt;&lt; back<\/a><\/p>\n<ol>\n<li>Podkarpacki Bank Sp\u00f3\u0142dzielczy<br \/>\n<a href=\"https:\/\/psd2-portal.pbsbank.pl\">https:\/\/psd2-portal.pbsbank.pl<\/a><\/li>\n<li>Krakowski Bank Sp\u00f3\u0142dzielczy<br \/>\n<a href=\"https:\/\/psd2-portal.kbs24.pl\">https:\/\/psd2-portal.kbs24.pl<\/a><\/li>\n<li>Bank Sp\u00f3\u0142dzielczy w Kamiennej G\u00f3rze<br \/>\n<a href=\"http:\/\/bskamgora.pl\/index.php?page=O_banku\/psd2.php&amp;poz=o_banku&amp;sub1=13\">http:\/\/bskamgora.pl\/index.php?page=O_banku\/psd2.php&amp;poz=o_banku&amp;sub1=13<\/a><\/li>\n<li>Bank Sp\u00f3\u0142dzielczy w Namys\u0142owie<br \/>\n<a href=\"https:\/\/bsnamyslow.com.pl\/psd2\">https:\/\/bsnamyslow.com.pl\/psd2<\/a><\/li>\n<li>Bank Sp\u00f3\u0142dzielczy w M\u0142awie<br \/>\n<a href=\"http:\/\/bsmlawa.pl\/index.php\/dyrektywa-psd2-materialy-informacyjne-dla-tpp\">http:\/\/bsmlawa.pl\/index.php\/dyrektywa-psd2-materialy-informacyjne-dla-tpp<\/a><\/li>\n<li>Gospodarczy Bank Sp\u00f3\u0142dzielczy w Barlinku<br \/>\n<a href=\"https:\/\/gbsbank.pl\/psd2.html\">https:\/\/gbsbank.pl\/psd2.html<\/a><\/li>\n<li>Bank Sp\u00f3\u0142dzielczy w Dobrzycy<br \/>\n<a href=\"https:\/\/www.bsdobrzyca.pl\/informacje-o-banku\/psd2.html\">https:\/\/www.bsdobrzyca.pl\/informacje-o-banku\/psd2.html<\/a><\/li>\n<li>Bank Sp\u00f3\u0142dzielczy w Ole\u015bnicy<br \/>\n<a href=\"https:\/\/www.bsolesnica.pl\/firmy\/psd2\">https:\/\/www.bsolesnica.pl\/firmy\/psd2<\/a><\/li>\n<li>Ludowy Bank Sp\u00f3\u0142dzielczy w Strza\u0142kowie<br \/>\n<a href=\"http:\/\/www.lbsstrzalkowo.pl\/psd2\/\">http:\/\/www.lbsstrzalkowo.pl\/psd2\/<\/a><\/li>\n<li>Bank Sp\u00f3\u0142dzielczy w \u0141\u0119cznej<br \/>\n<a href=\"http:\/\/bsleczna.pl\/psd2\/\">http:\/\/bsleczna.pl\/psd2\/<\/a><\/li>\n<li>Bank Sp\u00f3\u0142dzielczy w Bartoszycach<br \/>\n<a href=\"http:\/\/bsbartoszyce.com.pl\/558-as-psd2.html\">http:\/\/bsbartoszyce.com.pl\/558-as-psd2.html<\/a><\/li>\n<li>Bank Sp\u00f3\u0142dzielczy w Skierniewicach<br \/>\n<a href=\"https:\/\/www.bsskierniewice.pl\/psd2.html\">https:\/\/www.bsskierniewice.pl\/psd2.html<\/a><\/li>\n<li>Bank Sp\u00f3\u0142dzielczy w \u0141ubnianach <a href=\"https:\/\/www.bslubniany.pl\/bank\/psd2\/index.php\">https:\/\/www.bslubniany.pl\/bank\/psd2\/index.php<\/a><\/li>\n<li>Warmi\u0144sko &#8211; Mazurski Bank Sp\u00f3\u0142dzielczy<br \/>\n<a href=\"https:\/\/www.wmbs.pl\/psd2\">https:\/\/www.wmbs.pl\/psd2<\/a><\/li>\n<li>Bank Sp\u00f3\u0142dzielczy w P\u0142o\u0144sku<br \/>\n<a href=\"https:\/\/www.bsplonsk.pl\/psd2\/\">https:\/\/www.bsplonsk.pl\/psd2\/<\/a><\/li>\n<li>Powiatowy Bank Sp\u00f3\u0142dzielczy w Zamo\u015bciu <a href=\"https:\/\/pbs.zamosc.pl\/page\/251\/psd2.html\">https:\/\/pbs.zamosc.pl\/page\/251\/psd2.html<\/a><\/li>\n<li>Bank Sp\u00f3\u0142dzielczy w Piwnicznej \u2013 Zdroju<br \/>\n<a href=\"http:\/\/bs.piwniczna.com\/s130-psd2.html\">http:\/\/bs.piwniczna.com\/s130-psd2.html<\/a><\/li>\n<li>Bank Sp\u00f3\u0142dzielczy w Kruszwicy<br \/>\n<a href=\"http:\/\/www.bskruszwica.pl\/psd2.html\">http:\/\/www.bskruszwica.pl\/psd2.html<\/a><\/li>\n<li>Bank Sp\u00f3\u0142dzielczy w Kolbuszowej<br \/>\n<a href=\"http:\/\/www.bs-kolbuszowa.pl\/ogolny\/psd2\">http:\/\/www.bs-kolbuszowa.pl\/ogolny\/psd2<\/a><\/li>\n<li>Bank Sp\u00f3\u0142dzielczy w Nasielsku<br \/>\n<a href=\"http:\/\/bsnasielsk.pl\/Produkty\/psd2.html\">http:\/\/bsnasielsk.pl\/Produkty\/psd2.html<\/a><\/li>\n<li>Bank Sp\u00f3\u0142dzielczy w \u017burominie<br \/>\n<a href=\"http:\/\/bszuromin.pl\/psd2\">http:\/\/bszuromin.pl\/psd2<\/a><\/li>\n<li>Bank Sp\u00f3\u0142dzielczy w Bieczu<br \/>\n<a href=\"https:\/\/www.bsbiecz.pl\/aktualnosci\/psd2\">https:\/\/www.bsbiecz.pl\/aktualnosci\/psd2<\/a><\/li>\n<li>Bank Sp\u00f3\u0142dzielczy w Ole\u015bnicy<br \/>\n<a href=\"https:\/\/www.bsolesnica.pl\/firmy\/psd2\">https:\/\/www.bsolesnica.pl\/firmy\/psd2<\/a><\/li>\n<li>Polski Bank Sp\u00f3\u0142dzielczy w Ciechanowie<br \/>\n<a href=\"https:\/\/www.pbsciechanow.pl\/510,psd2\">https:\/\/www.pbsciechanow.pl\/510,psd2<\/a><\/li>\n<li>Bank Sp\u00f3\u0142dzielczy w Jastrz\u0119biu Zdroju<br \/>\n<a href=\"https:\/\/www.bsjastrzebie.pl\/psd2\">https:\/\/www.bsjastrzebie.pl\/psd2<\/a><\/li>\n<li>Bank Sp\u00f3\u0142dzielczy w K\u0142odzku<br \/>\n<a href=\"https:\/\/www.bsklodzko.pl\/psd2\/\">https:\/\/www.bsklodzko.pl\/psd2\/<\/a><\/li>\n<li>Bank Sp\u00f3\u0142dzielczy w Za\u0142uskach<br \/>\n<a href=\"http:\/\/bszaluski.pl\/pl\/psd2\">http:\/\/bszaluski.pl\/pl\/psd2<\/a><\/li>\n<li>Bank Sp\u00f3\u0142dzielczy w So\u015bnicowicach<br \/>\n<a href=\"http:\/\/bssosnicowice.pl\/psd2\/\">http:\/\/bssosnicowice.pl\/psd2\/<\/a><\/li>\n<li>Bank Sp\u00f3\u0142dzielczy w O\u017carowie<br \/>\nhttps:\/\/www.bsozarow.pl\/psd2<\/li>\n<li>Bank Sp\u00f3\u0142dzielczy w Le\u015bniowicach<br \/>\n<a href=\"http:\/\/www.bslesniowice.pl\/psd2.html\">http:\/\/www.bslesniowice.pl\/psd2.html<\/a><\/li>\n<li>Bank Sp\u00f3\u0142dzielczy w Legionowie<br \/>\n<a href=\"https:\/\/www.bslegionowo.pl\/psd2\">https:\/\/www.bslegionowo.pl\/psd2<\/a><\/li>\n<li>Bank Sp\u00f3\u0142dzielczy w Do\u0142hobyczowie<br \/>\n<a href=\"https:\/\/bsdolhobyczow.pl\/psd2.html\">https:\/\/bsdolhobyczow.pl\/psd2.html<\/a><\/li>\n<li>Wielkopolski Bank Sp\u00f3\u0142dzielczy (neoBANK)<br \/>\n<a href=\"https:\/\/online.neobank.pl\/portal_online2\/psd2\">https:\/\/online.neobank.pl\/portal_online2\/psd2<\/a><\/li>\n<li>Bank Sp\u00f3\u0142dzielczy w Radzyniu Podlaskim<br \/>\n<a href=\"http:\/\/bsradzyn.pl\/o-banku\/psd2\">http:\/\/bsradzyn.pl\/o-banku\/psd2<\/a><\/li>\n<li>Bank Sp\u00f3\u0142dzielczy w Brodnicy<br \/>\n<a href=\"https:\/\/www.bsbrodnica.pl\/klienci-indywidualni\/ebank\/tpp-psd2\">https:\/\/www.bsbrodnica.pl\/klienci-indywidualni\/ebank\/tpp-psd2<\/a><\/li>\n<\/ol>\n<p><\/p>","protected":false},"excerpt":{"rendered":"<p>&lt;&lt; back Podkarpacki Bank Sp\u00f3\u0142dzielczy https:\/\/psd2-portal.pbsbank.pl Krakowski Bank Sp\u00f3\u0142dzielczy https:\/\/psd2-portal.kbs24.pl Bank Sp\u00f3\u0142dzielczy &hellip; <\/p>\n<p class=\"link-more\"><a href=\"https:\/\/polishapi.org\/en\/cooperative-banks\/\" class=\"more-link\">Continue reading<span class=\"screen-reader-text\"> &#8220;Cooperative banks&#8221;<\/span><\/a><\/p>\n","protected":false},"author":1,"featured_media":0,"parent":0,"menu_order":0,"comment_status":"closed","ping_status":"closed","template":"","meta":{"footnotes":""},"class_list":["post-866","page","type-page","status-publish","hentry"],"yoast_head":"<!-- This site is optimized with the Yoast SEO plugin v27.0 - https:\/\/yoast.com\/product\/yoast-seo-wordpress\/ -->\n<title>Cooperative banks - PolishAPI<\/title>\n<meta name=\"robots\" content=\"index, follow, max-snippet:-1, max-image-preview:large, max-video-preview:-1\" \/>\n<link rel=\"canonical\" href=\"https:\/\/polishapi.org\/en\/cooperative-banks\/\" \/>\n<meta name=\"twitter:card\" content=\"summary_large_image\" \/>\n<meta name=\"twitter:title\" content=\"Cooperative banks - PolishAPI\" \/>\n<meta name=\"twitter:description\" content=\"&lt;&lt; back Podkarpacki Bank Sp\u00f3\u0142dzielczy https:\/\/psd2-portal.pbsbank.pl Krakowski Bank Sp\u00f3\u0142dzielczy https:\/\/psd2-portal.kbs24.pl Bank Sp\u00f3\u0142dzielczy &hellip; Continue reading &quot;Cooperative banks&quot;\" \/>\n<meta name=\"twitter:label1\" content=\"Est. reading time\" \/>\n\t<meta name=\"twitter:data1\" content=\"4 minutes\" \/>\n<script type=\"application\/ld+json\" class=\"yoast-schema-graph\">{\"@context\":\"https:\/\/schema.org\",\"@graph\":[{\"@type\":\"WebPage\",\"@id\":\"https:\/\/polishapi.org\/en\/cooperative-banks\/\",\"url\":\"https:\/\/polishapi.org\/en\/cooperative-banks\/\",\"name\":\"Cooperative banks - PolishAPI\",\"isPartOf\":{\"@id\":\"https:\/\/polishapi.org\/#website\"},\"datePublished\":\"2019-03-15T18:36:27+00:00\",\"dateModified\":\"2019-12-06T09:43:26+00:00\",\"breadcrumb\":{\"@id\":\"https:\/\/polishapi.org\/en\/cooperative-banks\/#breadcrumb\"},\"inLanguage\":\"en-US\",\"potentialAction\":[{\"@type\":\"ReadAction\",\"target\":[\"https:\/\/polishapi.org\/en\/cooperative-banks\/\"]}]},{\"@type\":\"BreadcrumbList\",\"@id\":\"https:\/\/polishapi.org\/en\/cooperative-banks\/#breadcrumb\",\"itemListElement\":[{\"@type\":\"ListItem\",\"position\":1,\"name\":\"Strona g\u0142\u00f3wna\",\"item\":\"https:\/\/polishapi.org\/\"},{\"@type\":\"ListItem\",\"position\":2,\"name\":\"Cooperative banks\"}]},{\"@type\":\"WebSite\",\"@id\":\"https:\/\/polishapi.org\/#website\",\"url\":\"https:\/\/polishapi.org\/\",\"name\":\"PolishAPI\",\"description\":\"Specification of an interface for the needs of services provided by third parties on the basis of access to payment accounts\",\"potentialAction\":[{\"@type\":\"SearchAction\",\"target\":{\"@type\":\"EntryPoint\",\"urlTemplate\":\"https:\/\/polishapi.org\/?s={search_term_string}\"},\"query-input\":{\"@type\":\"PropertyValueSpecification\",\"valueRequired\":true,\"valueName\":\"search_term_string\"}}],\"inLanguage\":\"en-US\"}]}<\/script>\n<!-- \/ Yoast SEO plugin. -->","yoast_head_json":{"title":"Cooperative banks - PolishAPI","robots":{"index":"index","follow":"follow","max-snippet":"max-snippet:-1","max-image-preview":"max-image-preview:large","max-video-preview":"max-video-preview:-1"},"canonical":"https:\/\/polishapi.org\/en\/cooperative-banks\/","twitter_card":"summary_large_image","twitter_title":"Cooperative banks - PolishAPI","twitter_description":"&lt;&lt; back Podkarpacki Bank Sp\u00f3\u0142dzielczy https:\/\/psd2-portal.pbsbank.pl Krakowski Bank Sp\u00f3\u0142dzielczy https:\/\/psd2-portal.kbs24.pl Bank Sp\u00f3\u0142dzielczy &hellip; Continue reading \"Cooperative banks\"","twitter_misc":{"Est. reading time":"4 minutes"},"schema":{"@context":"https:\/\/schema.org","@graph":[{"@type":"WebPage","@id":"https:\/\/polishapi.org\/en\/cooperative-banks\/","url":"https:\/\/polishapi.org\/en\/cooperative-banks\/","name":"Cooperative banks - PolishAPI","isPartOf":{"@id":"https:\/\/polishapi.org\/#website"},"datePublished":"2019-03-15T18:36:27+00:00","dateModified":"2019-12-06T09:43:26+00:00","breadcrumb":{"@id":"https:\/\/polishapi.org\/en\/cooperative-banks\/#breadcrumb"},"inLanguage":"en-US","potentialAction":[{"@type":"ReadAction","target":["https:\/\/polishapi.org\/en\/cooperative-banks\/"]}]},{"@type":"BreadcrumbList","@id":"https:\/\/polishapi.org\/en\/cooperative-banks\/#breadcrumb","itemListElement":[{"@type":"ListItem","position":1,"name":"Strona g\u0142\u00f3wna","item":"https:\/\/polishapi.org\/"},{"@type":"ListItem","position":2,"name":"Cooperative banks"}]},{"@type":"WebSite","@id":"https:\/\/polishapi.org\/#website","url":"https:\/\/polishapi.org\/","name":"PolishAPI","description":"Specification of an interface for the needs of services provided by third parties on the basis of access to payment accounts","potentialAction":[{"@type":"SearchAction","target":{"@type":"EntryPoint","urlTemplate":"https:\/\/polishapi.org\/?s={search_term_string}"},"query-input":{"@type":"PropertyValueSpecification","valueRequired":true,"valueName":"search_term_string"}}],"inLanguage":"en-US"}]}},"_links":{"self":[{"href":"https:\/\/polishapi.org\/en\/wp-json\/wp\/v2\/pages\/866","targetHints":{"allow":["GET"]}}],"collection":[{"href":"https:\/\/polishapi.org\/en\/wp-json\/wp\/v2\/pages"}],"about":[{"href":"https:\/\/polishapi.org\/en\/wp-json\/wp\/v2\/types\/page"}],"author":[{"embeddable":true,"href":"https:\/\/polishapi.org\/en\/wp-json\/wp\/v2\/users\/1"}],"replies":[{"embeddable":true,"href":"https:\/\/polishapi.org\/en\/wp-json\/wp\/v2\/comments?post=866"}],"version-history":[{"count":10,"href":"https:\/\/polishapi.org\/en\/wp-json\/wp\/v2\/pages\/866\/revisions"}],"predecessor-version":[{"id":1139,"href":"https:\/\/polishapi.org\/en\/wp-json\/wp\/v2\/pages\/866\/revisions\/1139"}],"wp:attachment":[{"href":"https:\/\/polishapi.org\/en\/wp-json\/wp\/v2\/media?parent=866"}],"curies":[{"name":"wp","href":"https:\/\/api.w.org\/{rel}","templated":true}]}}